{"id":451,"date":"2024-05-14T18:44:07","date_gmt":"2024-05-14T18:44:07","guid":{"rendered":"https:\/\/contactgsm.hu\/?page_id=451"},"modified":"2024-05-14T19:05:20","modified_gmt":"2024-05-14T19:05:20","slug":"adatvedelmi-tajekoztato","status":"publish","type":"page","link":"https:\/\/contactgsm.hu\/?page_id=451","title":{"rendered":"Adatv\u00e9delmi t\u00e1j\u00e9koztat\u00f3"},"content":{"rendered":"<p>[et_pb_section fb_built=&#8221;1&#8243; _builder_version=&#8221;4.25.1&#8243; _module_preset=&#8221;default&#8221; custom_padding=&#8221;8px||0px|||&#8221; global_module=&#8221;463&#8243; saved_tabs=&#8221;all&#8221; global_colors_info=&#8221;{}&#8221;][et_pb_row _builder_version=&#8221;4.25.1&#8243; _module_preset=&#8221;default&#8221; custom_padding=&#8221;4px||3px|||&#8221; global_colors_info=&#8221;{}&#8221; custom_margin=&#8221;|auto|4px|auto||&#8221;][et_pb_column type=&#8221;4_4&#8243; _builder_version=&#8221;4.25.1&#8243; _module_preset=&#8221;default&#8221; global_colors_info=&#8221;{}&#8221;][et_pb_menu menu_style=&#8221;centered&#8221; active_link_color=&#8221;#000000&#8243; _builder_version=&#8221;4.25.1&#8243; _module_preset=&#8221;default&#8221; menu_font=&#8221;|700|||||||&#8221; menu_text_color=&#8221;#000000&#8243; menu_text_shadow_style=&#8221;preset1&#8243; global_colors_info=&#8221;{}&#8221; custom_margin=&#8221;||3px|||&#8221;][\/et_pb_menu][\/et_pb_column][\/et_pb_row][\/et_pb_section][et_pb_section fb_built=&#8221;1&#8243; _builder_version=&#8221;4.25.1&#8243; _module_preset=&#8221;default&#8221; global_colors_info=&#8221;{}&#8221; custom_padding=&#8221;15px|||||&#8221;][et_pb_row _builder_version=&#8221;4.25.1&#8243; _module_preset=&#8221;default&#8221; global_colors_info=&#8221;{}&#8221; custom_padding=&#8221;13px|||||&#8221;][et_pb_column type=&#8221;4_4&#8243; _builder_version=&#8221;4.25.1&#8243; _module_preset=&#8221;default&#8221; global_colors_info=&#8221;{}&#8221;][et_pb_text _builder_version=&#8221;4.25.1&#8243; _module_preset=&#8221;default&#8221; global_colors_info=&#8221;{}&#8221;]<\/p>\n<h1>Adatv\u00e9delmi t\u00e1j\u00e9koztat\u00f3<\/h1>\n<p>&nbsp;<\/p>\n<h2>BEVEZET\u00c9S<\/h2>\n<p>A term\u00e9szetes szem\u00e9lyeknek a szem\u00e9lyes adatok kezel\u00e9se tekintet\u00e9ben t\u00f6rt\u00e9n\u0151 v\u00e9delm\u00e9r\u0151l \u00e9s az ilyen adatok szabad \u00e1raml\u00e1s\u00e1r\u00f3l, valamint a 95\/46\/EK rendelet hat\u00e1lyon k\u00edv\u00fcl helyez\u00e9s\u00e9r\u0151l sz\u00f3l\u00f3 AZ EUR\u00d3PAI PARLAMENT \u00c9S A TAN\u00c1CS (EU) 2016\/679 RENDELETE (a tov\u00e1bbiakban: Rendelet) el\u0151\u00edrja, hogy az Adatkezel\u0151 megfelel\u0151 int\u00e9zked\u00e9seket hoz annak \u00e9rdek\u00e9ben, hogy az \u00e9rintett r\u00e9sz\u00e9re a szem\u00e9lyes adatok kezel\u00e9s\u00e9re vonatkoz\u00f3, minden egyes t\u00e1j\u00e9koztat\u00e1st t\u00f6m\u00f6r, \u00e1tl\u00e1that\u00f3, \u00e9rthet\u0151 \u00e9s k\u00f6nnyen hozz\u00e1f\u00e9rhet\u0151 form\u00e1ban, vil\u00e1gosan \u00e9s k\u00f6z\u00e9rthet\u0151en megfogalmazva ny\u00fajtsa, tov\u00e1bb\u00e1 hogy az Adatkezel\u0151 el\u0151seg\u00edti az \u00e9rintett jogainak a gyakorl\u00e1s\u00e1t.<\/p>\n<p>Az \u00e9rintett el\u0151zetes t\u00e1j\u00e9koztat\u00e1si k\u00f6telezetts\u00e9g\u00e9t az inform\u00e1ci\u00f3s \u00f6nrendelkez\u00e9si jogr\u00f3l \u00e9s az inform\u00e1ci\u00f3szabads\u00e1gr\u00f3l 2011. \u00e9vi CXII. t\u00f6rv\u00e9ny is el\u0151\u00edrja.<\/p>\n<p>Az al\u00e1bbiakban olvashat\u00f3 t\u00e1j\u00e9koztat\u00e1ssal e jogszab\u00e1lyi k\u00f6telezetts\u00e9g\u00fcnknek tesz\u00fcnk eleget.<\/p>\n<p>A t\u00e1j\u00e9koztat\u00e1st k\u00f6zz\u00e9 kell tenni a Herczegh L\u00e1szl\u00f3 EV. (contactgsm.hu) honlapj\u00e1n, vagy az \u00e9rintett szem\u00e9ly r\u00e9sz\u00e9re k\u00e9r\u00e9s\u00e9re meg kell k\u00fcldeni.<\/p>\n<h2><\/h2>\n<h2>AZ ADATKEZEL\u0150 MEGNEVEZ\u00c9SE<\/h2>\n<p>E t\u00e1j\u00e9koztat\u00e1s kiad\u00f3ja, egyben az Adatkezel\u0151:<\/p>\n<p><strong>V\u00e1llalkoz\u00e1s neve<\/strong>: ContactGSM<br \/><strong>Sz\u00e9khely<\/strong>: 2310 Szigetszentmikl\u00f3s Feny\u0151fa utca 16.<br \/><strong>nyilv\u00e1ntart\u00e1si sz\u00e1m<\/strong>: 43150488<br \/><strong>Ad\u00f3sz\u00e1m<\/strong>: 67072033-1-33<br \/><strong>Honlap<\/strong>: www.contactgsm.hu<br \/><strong>E-mail<\/strong>: contactgsm01@gmail.com<br \/><strong>Telefonsz\u00e1m<\/strong>: +36\/20-3382999<br \/><strong>K\u00e9pvisel\u0151<\/strong>: Herczegh L\u00e1szl\u00f3<br \/><strong>E-mail c\u00edme<\/strong>: contactgsm01@gmail.com<\/p>\n<p><span>A T\u00e1rsas\u00e1g a jelen adatv\u00e9delmi t\u00e1j\u00e9koztat\u00f3ban r\u00f6gz\u00edti teljes k\u00f6r\u0171en azokat az inform\u00e1ci\u00f3kat, amelyek a T\u00e1rsas\u00e1g \u00e1ltal a Weboldal \u00fczemeltet\u00e9se megval\u00f3s\u00edtott adatr\u00f6gz\u00edt\u00e9sek \u00e9s adatkezel\u00e9sek r\u00e9szleteire vonatkoznak. A T\u00e1rsas\u00e1g elk\u00f6telezett h\u00edve a szem\u00e9lyes adatok jogszer\u0171 kezel\u00e9s\u00e9re vonatkoz\u00f3 szab\u00e1lyok betart\u00e1s\u00e1nak \u00e9s betartat\u00e1s\u00e1nak, \u00edgy k\u00fcl\u00f6n\u00f6sen a mag\u00e1nszf\u00e9ra v\u00e9delm\u00e9nek. <\/span><\/p>\n<p><span>A Weboldal m\u0171k\u00f6dtet\u00e9se sor\u00e1n felmer\u00fcl\u0151 adatkezel\u00e9sek kapcs\u00e1n a T\u00e1rsas\u00e1g k\u00fcl\u00f6n\u00f6sen a k\u00f6vetkez\u0151 jogszab\u00e1lyok rendelkez\u00e9seinek felel meg: <\/span><\/p>\n<p><span>Inform\u00e1ci\u00f3s \u00f6nrendelkez\u00e9si jogr\u00f3l \u00e9s az inform\u00e1ci\u00f3szabads\u00e1gr\u00f3l sz\u00f3l\u00f3 2011. \u00e9vi CXII. t\u00f6rv\u00e9ny (a tov\u00e1bbiakban: Infot\u00f6rv\u00e9ny), <\/span><\/p>\n<p><span>Elektronikus kereskedelmi szolg\u00e1ltat\u00e1sok, valamint az inform\u00e1ci\u00f3s t\u00e1rsadalommal \u00f6sszef\u00fcgg\u0151 szolg\u00e1ltat\u00e1sok egyes k\u00e9rd\u00e9seir\u0151l sz\u00f3l\u00f3 2001. \u00e9vi CVIII. t\u00f6rv\u00e9ny (a tov\u00e1bbiakban: Elkert\u00f6rv\u00e9ny), Elektronikus h\u00edrk\u00f6zl\u00e9sr\u0151l sz\u00f3l\u00f3 2003. \u00e9vi C. t\u00f6rv\u00e9ny (a tov\u00e1bbiakban: H\u00edrk\u00f6zl\u00e9si T\u00f6rv\u00e9ny), valamint mindazon eur\u00f3pai uni\u00f3s jogi aktusok, amelyek k\u00f6zvetlen\u00fcl alkalmazand\u00f3k. <\/span><\/p>\n<p><span>A T\u00e1rsas\u00e1g adatkezel\u0151j\u00e9v\u00e9 v\u00e1lik mindazon adatoknak, \u00e9s az Infot\u00f6rv\u00e9ny rendelkez\u00e9seinek megfelel\u0151en kezeli mindazon szem\u00e9lyes adatokat, amelyek a Weboldal felhaszn\u00e1l\u00f3i a Weboldal l\u00e1togat\u00e1sa \u00e9s haszn\u00e1lata sor\u00e1n \u00e1tadnak a T\u00e1rsas\u00e1gnak. Az Infot\u00f6rv\u00e9ny rendelkez\u00e9sei szerint szem\u00e9lyes adat minden adat, amely egy meghat\u00e1rozott term\u00e9szetes szem\u00e9llyel, az \u00e9rintettel kapcsolatba hozhat\u00f3, \u00e9s az abb\u00f3l levonhat\u00f3, az \u00e9rintettre vonatkoz\u00f3 k\u00f6vetkeztet\u00e9s. Ebbe az adatk\u00f6rbe esik k\u00fcl\u00f6n\u00f6sen, de nem kiz\u00e1r\u00f3lagosa az \u00e9rintett neve, hivatalos azonos\u00edt\u00f3 sz\u00e1mai, egy vagy t\u00f6bb fizikai, fiziol\u00f3giai, ment\u00e1lis, gazdas\u00e1gi, kultur\u00e1lis vagy szoci\u00e1lis jellemz\u0151j\u00e9re vonatkoz\u00f3 inform\u00e1ci\u00f3. <\/span><\/p>\n<p><span>A Weboldal l\u00e1togat\u00f3i a jelen adatv\u00e9delmi t\u00e1j\u00e9koztat\u00f3ban foglalt teljes k\u00f6r\u0171 t\u00e1j\u00e9koztat\u00e1s ismeret\u00e9ben d\u00f6nthetnek arr\u00f3l, hogy a tov\u00e1bbiakban b\u00f6ng\u00e9szik-e a Weboldalt, illetve a Weboldalon kereszt\u00fcl megadj\u00e1k-e szem\u00e9lyes adataikat a T\u00e1rsas\u00e1g r\u00e9sz\u00e9re. A szem\u00e9lyes adatok megad\u00e1sa \u00f6nk\u00e9ntes, azonban a Weboldal bizonyos funkci\u00f3i nem el\u00e9rhet\u0151k azon \u00e9rintettek r\u00e9sz\u00e9re, akik valamely adatkezel\u00e9shez t\u00f6rt\u00e9n\u0151 hozz\u00e1j\u00e1rul\u00e1shoz nem j\u00e1rulnak hozz\u00e1. A Weboldal megfelel\u0151 haszn\u00e1lata, tov\u00e1bb\u00e1 bizonyos szolg\u00e1ltat\u00e1sai ig\u00e9nybev\u00e9tel\u00e9nek el\u0151felt\u00e9tele az, hogy a l\u00e1togat\u00f3 kifejezett hozz\u00e1j\u00e1rul\u00e1s\u00e1val elfogadja a jelen adatkezel\u00e9si t\u00e1j\u00e9koztat\u00f3ban foglalt felt\u00e9teleket, amellyel elismeri, hogy a t\u00e1j\u00e9koztat\u00e1st megismerte \u00e9s annak rendelkez\u00e9seit elfogadta, \u00e9s az adott adatkezel\u00e9si c\u00e9lra vonatkoz\u00f3 adatkezel\u00e9shez hozz\u00e1j\u00e1rul. <\/span><\/p>\n<p><span>L\u00e1togatotts\u00e1gi adatok \u00e9s cookie technol\u00f3gia alkalmaz\u00e1sa A Weboldal b\u00f6ng\u00e9sz\u00e9sekor a Weboldal a l\u00e1togat\u00f3 eszk\u00f6z\u00e9re adatf\u00e1jlokat, \u00fan. cookie-kat helyez el. A cookie f\u00e1jlok (a tov\u00e1bbiakban: s\u00fctik) elhelyez\u00e9se bizonyos esetben a felhaszn\u00e1l\u00f3 enged\u00e9ly\u00e9hez k\u00f6t\u00f6tt. A s\u00fctik elhelyez\u00e9s\u00e9nek els\u0151dleges c\u00e9lja, hogy n\u00e9vtelen, azaz az \u00e9rdekelt azonos\u00edt\u00e1s\u00e1ra alkalmatlan, inform\u00e1ci\u00f3t tov\u00e1bb\u00edtson a T\u00e1rsas\u00e1g r\u00e9sz\u00e9re a Weboldalon t\u00f6rt\u00e9nt 2 l\u00e1togat\u00e1sr\u00f3l. A l\u00e1togat\u00f3 ennek megfelel\u0151en elfogadhatja vagy elutas\u00edthatja a s\u00fctik haszn\u00e1lat\u00e1t a b\u00f6ng\u00e9sz\u00e9s megkezd\u00e9sekor t\u00f6rt\u00e9n\u0151 hozz\u00e1j\u00e1rul\u00e1s megtagad\u00e1s\u00e1val, illetve a b\u00f6ng\u00e9sz\u0151je megfelel\u0151 be\u00e1ll\u00edt\u00e1saival. A Weboldal az al\u00e1bbi t\u00edpus\u00fa cookie f\u00e1jlokat az al\u00e1bbi funkci\u00f3k kiszolg\u00e1l\u00e1sa \u00e9rdek\u00e9ben k\u00fcldi a l\u00e1togat\u00f3 eszk\u00f6z\u00e9re: Google Analytics, Kezelt adatok k\u00f6re: b\u00f6ng\u00e9sz\u00e9shez kapcsol\u00f3d\u00f3 adatok, \u00edgy k\u00fcl\u00f6n\u00f6sen felhaszn\u00e1l\u00f3i sz\u00e1m, felhaszn\u00e1l\u00f3i forr\u00e1s, aloldalak megtekint\u00e9se, l\u00e1togat\u00e1s id\u0151tartama, illetve tov\u00e1bbi, a Google Analytics funkci\u00f3inak le\u00edr\u00e1s\u00e1ban meghat\u00e1rozott inform\u00e1ci\u00f3k. Adatkezel\u00e9s c\u00e9lj\u00e1nak megfelel\u0151 felhaszn\u00e1l\u00e1si m\u00f3dok: A Felhaszn\u00e1l\u00f3 r\u00e9sz\u00e9re szem\u00e9lyre szabottabb inform\u00e1ci\u00f3k biztos\u00edt\u00e1sa, l\u00e1togatotts\u00e1gi adatok m\u00e9r\u00e9se \u00e9s r\u00f6gz\u00edt\u00e9se, statisztik\u00e1k k\u00e9sz\u00edt\u00e9se. Remarketing c\u00e9l\u00fa technol\u00f3gi\u00e1k (AdWords, Facebook k\u00e9ppont) A T\u00e1rsas\u00e1g k\u00fcls\u0151 szolg\u00e1ltat\u00f3k szolg\u00e1ltat\u00e1s\u00e1t veszi ig\u00e9nybe ahhoz, hogy a szolg\u00e1ltat\u00f3k \u00e1ltal a Weboldalon bem\u00e9rt \u00e9s r\u00f6gz\u00edtett l\u00e1togat\u00e1sa adatainak t\u00e1rol\u00e1s\u00e1val \u00e9s felhaszn\u00e1l\u00e1s\u00e1val k\u00e9pes legyen a T\u00e1rsas\u00e1g bizonyos tartalmait, hirdet\u00e9seit megjelen\u00edteni a felhaszn\u00e1l\u00f3 r\u00e9sz\u00e9re, ha ezen szolg\u00e1ltat\u00f3k valamely partner\u00e9nek webhely\u00e9re l\u00e1togat. A Google AdWords szolg\u00e1ltat\u00e1s\u00e1nak ig\u00e9nybev\u00e9tele ok\u00e1n a Weboldal felhaszn\u00e1l\u00f3j\u00e1nak eszk\u00f6z\u00e9re a Weboldal a Google Inc (1600 Amphiteatre Parkway, Mountain View, CA 94043, USA) \u00e1ltal biztos\u00edtott cookie-t helyez el, amellyel a Google Inc partnerei weboldalainak b\u00f6ng\u00e9sz\u00e9sekor a l\u00e1togat\u00f3 azonos\u00edthat\u00f3v\u00e1 v\u00e1lik. A cookie n\u00e9vtelen, azaz a l\u00e1togat\u00f3 szem\u00e9ly\u00e9nek azonos\u00edt\u00e1s\u00e1ra nem alkalmas form\u00e1ban azon adatokat t\u00e1rolja, amelyek arra vonatkoznak, hogy a l\u00e1togat\u00f3 a Weboldal mely aloldalait tekintette meg. A T\u00e1rsas\u00e1g a Weboldalon ig\u00e9nybe veszi a Facebook \u00e1ltal remarketing c\u00e9lra kialak\u00edtott be\u00e9p\u00edtett k\u00f3dk\u00e9szlet\u00e9t, amelynek c\u00e9lja, hogy a Weboldal l\u00e1togat\u00f3ja r\u00e9sz\u00e9re a T\u00e1rsas\u00e1g rekl\u00e1mja, hirdet\u00e9se el\u00e9rhet\u0151v\u00e9 v\u00e1ljon a Facebook haszn\u00e1lata sor\u00e1n \u00e9s a Facebook jelent\u00e9st k\u00e9sz\u00edtsen a hirdet\u00e9sek \u00e1ltal kiv\u00e1ltott felhaszn\u00e1l\u00f3i m\u0171veletekr\u0151l, amelynek eredm\u00e9nyek\u00e9ppen a T\u00e1rsas\u00e1g optimaliz\u00e1lni k\u00e9pest a hirdet\u00e9si tev\u00e9kenys\u00e9g\u00e9t. A k\u00e9ppont szem\u00e9lyes adatot nem gy\u0171jt, nem kezel \u00e9s nem t\u00e1rol. Fontos, hogy a felhaszn\u00e1l\u00f3 megtudhatja, ha a Facebook k\u00e9ppontok alapj\u00e1n c\u00e9lzott rekl\u00e1mra l\u00e9trehozott c\u00e9lk\u00f6z\u00f6ns\u00e9gbe tartozik, ha a Facebookon megjelen\u0151 hirdet\u00e9s leg\u00f6rd\u00edthet\u0151 mez\u0151j\u00e9re kattint \u00e9s a \u201emi\u00e9rt l\u00e1tom ezt a hirdet\u00e9st\u201d k\u00e9rd\u00e9st megnyitja. Ezzel a funkci\u00f3val a felhaszn\u00e1l\u00f3 lejelentkezhet az adott hirdet\u00e9sr\u0151l is. Az adatkezel\u00e9s jogalapja a felhaszn\u00e1l\u00f3 el\u0151zetes t\u00e1j\u00e9koztat\u00e1son alapul\u00f3 kifejezett hozz\u00e1j\u00e1rul\u00e1sa, amelyet a b\u00f6ng\u00e9sz\u0151ben felugr\u00f3 Cookie nyilatkozat elfogad\u00e1s\u00e1val adhat meg. Adatkezel\u00e9s id\u0151tartama: a Cookie-k \u00e1ltal r\u00f6gz\u00edtett adatokat legfeljebb 5 \u00e9vig t\u00e1rolja a T\u00e1rsas\u00e1g. A l\u00e1togat\u00f3 jogosult elfogadni, vagy elutas\u00edtani a cookie-k haszn\u00e1lat\u00e1t, emellett saj\u00e1t b\u00f6ng\u00e9sz\u0151je megfelel\u0151 be\u00e1ll\u00edt\u00e1s\u00e1val szint\u00e9n megakad\u00e1lyozhatja a cookie-k elhelyez\u00e9s\u00e9t. Ennek pontos lehet\u0151s\u00e9g\u00e9r\u0151l \u00e9s a cookie-kra vonatkoz\u00f3 b\u0151vebb inform\u00e1ci\u00f3t a k\u00f6vetkez\u0151 oldalon tal\u00e1lhat\u00f3 inform\u00e1ci\u00f3: www.youronlinechoice.eu. A cookie-k m\u0171k\u00f6d\u00e9s\u00e9nek l\u00e1togat\u00f3 \u00e1ltali letilt\u00e1sa eset\u00e9n a Weboldal bizonyos funkci\u00f3it korl\u00e1tozott m\u00f3don fogj\u00e1k tudni el\u00e9rni. <\/span><\/p>\n<p><strong style=\"font-size: 14px;\">Az adatkezel\u00e9sekre vonatkoz\u00f3 tov\u00e1bbi inform\u00e1ci\u00f3k<\/strong><\/p>\n<p><span>A T\u00e1rsas\u00e1g \u00e1ltali adatkezel\u00e9ssel \u00e9rintett t\u00e1j\u00e9koztat\u00e1st k\u00e9rhet szem\u00e9lyes adatai kezel\u00e9s\u00e9r\u0151l, \u00e9s k\u00e9rheti szem\u00e9lyes adatainak helyesb\u00edt\u00e9s\u00e9t, t\u00f6rl\u00e9s\u00e9t vagy z\u00e1rol\u00e1s\u00e1t a T\u00e1rsas\u00e1g lenti el\u00e9rhet\u0151s\u00e9geire eljuttatott nyilatkozat\u00e1val. Az \u00e9rintett k\u00e9relm\u00e9re a T\u00e1rsas\u00e1g t\u00e1j\u00e9koztat\u00e1st ad az \u00e1ltala kezelt szem\u00e9lyes adatair\u00f3l, azok forr\u00e1s\u00e1r\u00f3l, az adatkezel\u00e9s c\u00e9lj\u00e1r\u00f3l, jogalapj\u00e1r\u00f3l, id\u0151tartam\u00e1r\u00f3l, a T\u00e1rsas\u00e1g, mint adatfeldolgoz\u00f3 nev\u00e9r\u0151l, c\u00edm\u00e9r\u0151l \u00e9s az adatkezel\u00e9ssel \u00f6sszef\u00fcgg\u0151 tev\u00e9kenys\u00e9g\u00e9r\u0151l, az erre ir\u00e1nyul\u00f3 a k\u00e9relem beny\u00fajt\u00e1s\u00e1t\u00f3l sz\u00e1m\u00edtott legr\u00f6videbb id\u0151 alatt, de legfeljebb 25 (huszon\u00f6t) napon bel\u00fcl (amennyiben m\u00e1s jogszab\u00e1ly erre r\u00f6videbb hat\u00e1rid\u0151t nem \u00edr el\u0151) k\u00f6z\u00e9rthet\u0151 form\u00e1ban. A t\u00e1j\u00e9koztat\u00e1s ingyenes, ha a t\u00e1j\u00e9koztat\u00e1st k\u00e9r\u0151 a foly\u00f3 \u00e9vben azonos adatk\u00f6rre vonatkoz\u00f3 t\u00e1j\u00e9koztat\u00e1si k\u00e9relmet az Adatkezel\u0151h\u00f6z m\u00e9g nem ny\u00fajtott be \u00e9s d\u00edjk\u00f6teles, az Infot\u00f6rv\u00e9nyben meghat\u00e1rozott esetekben \u00e9s m\u00e9rt\u00e9kben. <\/span><\/p>\n<p><span>A T\u00e1rsas\u00e1g a szem\u00e9lyes adatot helyesb\u00edti, ha az a val\u00f3s\u00e1gnak nem felel meg \u00e9s a val\u00f3s\u00e1gnak megfelel\u0151 szem\u00e9lyes adat a rendelkez\u00e9s\u00e9re \u00e1ll, z\u00e1rolja, ha az \u00e9rintett ezt k\u00e9ri, vagy ha a rendelkez\u00e9s\u00e9re \u00e1ll\u00f3 inform\u00e1ci\u00f3k alapj\u00e1n felt\u00e9telezhet\u0151, hogy a t\u00f6rl\u00e9s s\u00e9rten\u00e9 az \u00e9rintett jogos \u00e9rdekeit. A z\u00e1rolt szem\u00e9lyes adat kiz\u00e1r\u00f3lag addig kezelhet\u0151, ameddig fenn\u00e1ll az az adatkezel\u00e9si c\u00e9l, amely a szem\u00e9lyes adat t\u00f6rl\u00e9s\u00e9t kiz\u00e1rta, ezt k\u00f6vet\u0151en t\u00f6rli azt. <\/span><\/p>\n<p><span>A T\u00e1rsas\u00e1g a szem\u00e9lyes adatot megjel\u00f6li, ha az \u00e9rintett vitatja annak helyess\u00e9g\u00e9t vagy pontoss\u00e1g\u00e1t, de a vitatott szem\u00e9lyes adat helytelens\u00e9ge vagy pontatlans\u00e1ga nem \u00e1llap\u00edthat\u00f3 meg egy\u00e9rtelm\u0171en, tov\u00e1bb\u00e1 t\u00f6rli, ha kezel\u00e9se jogellenes, az \u00e9rintett k\u00e9ri, vagy a kezelt szem\u00e9lyes adat hi\u00e1nyos vagy t\u00e9ves \u2013 \u00e9s ez az \u00e1llapot jogszer\u0171en nem orvosolhat\u00f3 \u2013 felt\u00e9ve, hogy a t\u00f6rl\u00e9st t\u00f6rv\u00e9ny nem z\u00e1rja ki, az adatkezel\u00e9s c\u00e9lja megsz\u0171nt, vagy az adatok t\u00e1rol\u00e1s\u00e1nak t\u00f6rv\u00e9nyben meghat\u00e1rozott hat\u00e1rideje lej\u00e1rt, vagy a t\u00f6rl\u00e9st a b\u00edr\u00f3s\u00e1g vagy a NAIH elrendelte.<\/span><\/p>\n<p><span>A szem\u00e9lyes adatok t\u00f6rl\u00e9s\u00e9re, z\u00e1rol\u00e1s\u00e1ra, helyesb\u00edt\u00e9s\u00e9re 30 (harminc) nap \u00e1ll az adatkezel\u0151 rendelkez\u00e9s\u00e9re, illetve amennyiben az \u00e9rintett helyesb\u00edt\u00e9s, z\u00e1rol\u00e1s vagy t\u00f6rl\u00e9s ir\u00e1nti ig\u00e9ny\u00e9t a T\u00e1rsas\u00e1g nem teljes\u00edti, err\u0151l 30 (harminc) napon bel\u00fcl \u00edr\u00e1sban t\u00e1j\u00e9koztatja az \u00e9rintettet \u00e9s k\u00f6zli elutas\u00edt\u00e1s indokait. A T\u00e1rsas\u00e1g a szem\u00e9lyes adatok helyesb\u00edt\u00e9s\u00e9r\u0151l, z\u00e1rol\u00e1s\u00e1r\u00f3l, megjel\u00f6l\u00e9s\u00e9r\u0151l \u00e9s t\u00f6rl\u00e9s\u00e9r\u0151l szint\u00e9n \u00e9rtes\u00edti az \u00e9rintettet. Az \u00e9rtes\u00edt\u00e9st mell\u0151zi, ha ez az adatkezel\u00e9s c\u00e9lj\u00e1ra val\u00f3 tekintettel az \u00e9rintett jogos \u00e9rdek\u00e9t nem s\u00e9rti. Az \u00e9rintett tiltakozhat szem\u00e9lyes adat\u00e1nak kezel\u00e9se ellen, ha a szem\u00e9lyes adatok kezel\u00e9se kiz\u00e1r\u00f3lag a T\u00e1rsas\u00e1gra vonatkoz\u00f3 jogi k\u00f6telezetts\u00e9g teljes\u00edt\u00e9s\u00e9hez vagy jogos \u00e9rdek\u00e9nek \u00e9rv\u00e9nyes\u00edt\u00e9s\u00e9hez sz\u00fcks\u00e9ges, kiv\u00e9ve, ha az adatkezel\u00e9st t\u00f6rv\u00e9ny rendelte el; vagy annak felhaszn\u00e1l\u00e1sa k\u00f6zvetlen \u00fczletszerz\u00e9s, k\u00f6zv\u00e9lem\u00e9ny-kutat\u00e1s vagy tudom\u00e1nyos kutat\u00e1s c\u00e9lj\u00e1ra t\u00f6rt\u00e9nik; vagy t\u00f6rv\u00e9nyben meghat\u00e1rozott egy\u00e9b esetben. A T\u00e1rsas\u00e1g a tiltakoz\u00e1st a k\u00e9relem beny\u00fajt\u00e1s\u00e1t\u00f3l sz\u00e1m\u00edtott legr\u00f6videbb id\u0151n bel\u00fcl, de legfeljebb 15 (tizen\u00f6t) nap alatt megvizsg\u00e1lja, annak megalapozotts\u00e1ga k\u00e9rd\u00e9s\u00e9ben d\u00f6nt\u00e9st hoz, \u00e9s d\u00f6nt\u00e9s\u00e9r\u0151l a k\u00e9relmez\u0151t \u00edr\u00e1sban t\u00e1j\u00e9koztatja. Ha a T\u00e1rsas\u00e1g az \u00e9rintett tiltakoz\u00e1s\u00e1nak megalapozotts\u00e1g\u00e1t meg\u00e1llap\u00edtja, az adatkezel\u00e9st \u2013 bele\u00e9rtve a tov\u00e1bbi adatfelv\u00e9telt is \u2013 megsz\u00fcnteti, \u00e9s az adatokat z\u00e1rolja. Amennyiben az \u00e9rintett a d\u00f6nt\u00e9ssel nem \u00e9rt egyet, az ellen \u2013 annak k\u00f6zl\u00e9s\u00e9t\u0151l sz\u00e1m\u00edtott 30 (harminc) napon bel\u00fcl \u2013 b\u00edr\u00f3s\u00e1ghoz fordulhat. <\/span><\/p>\n<p><span>Az \u00e9rintett a jogainak T\u00e1rsas\u00e1g \u00e1ltali megs\u00e9rt\u00e9se eset\u00e9n a T\u00e1rsas\u00e1g ellen szint\u00e9n b\u00edr\u00f3s\u00e1ghoz fordulhat. A b\u00edr\u00f3s\u00e1g az \u00fcgyben soron k\u00edv\u00fcl j\u00e1r el. Tov\u00e1bbi jogorvoslati lehet\u0151s\u00e9ggel, panasszal az al\u00e1bbi el\u00e9rhet\u0151s\u00e9geken lehet \u00e9lni: NAIH (Sz\u00e9khely: HU-1125 Budapest, Szil\u00e1gyi Erzs\u00e9bet fasor 22\/C.; Levelez\u00e9si c\u00edm: 1530 Budapest, Pf.: 5.; Telefon: (36) 1 391 1400; Fax: (36) 1 391 1410; Email: ugyfelszolgalat@naih.hu; Honlap: <a href=\"https:\/\/www.naih.hu\">https:\/\/www.naih.hu<\/a>). <\/span><\/p>\n<p><span>Amennyiben a fenti adatv\u00e9delmi szab\u00e1lyokkal nem \u00e9rt egyet, k\u00e9rj\u00fck, ne haszn\u00e1lja a Weboldalt. Az adatv\u00e9delemmel kapcsolatos tov\u00e1bbi k\u00e9rd\u00e9seit, \u00e9szrev\u00e9teleit, k\u00e9relmeit a T\u00e1rsas\u00e1g al\u00e1bbi el\u00e9rhet\u0151s\u00e9geire tov\u00e1bb\u00edthatja: Email: contactgsm01@gmail.com Postai c\u00edm: 2310 Szigetszentmikl\u00f3s Feny\u0151fa utca 16.<\/span><\/p>\n<p>&nbsp;<\/p>\n<p>Kelt, Szigetszentmikl\u00f3s, 2024.05.10.<\/p>\n<p>&nbsp;<\/p>\n<p>&nbsp;<\/p>\n<p><span>\u00a0<\/span><\/p>\n<p>[\/et_pb_text][\/et_pb_column][\/et_pb_row][\/et_pb_section]<\/p>\n","protected":false},"excerpt":{"rendered":"<p>Adatv\u00e9delmi t\u00e1j\u00e9koztat\u00f3 &nbsp; BEVEZET\u00c9S A term\u00e9szetes szem\u00e9lyeknek a szem\u00e9lyes adatok kezel\u00e9se tekintet\u00e9ben t\u00f6rt\u00e9n\u0151 v\u00e9delm\u00e9r\u0151l \u00e9s az ilyen adatok szabad \u00e1raml\u00e1s\u00e1r\u00f3l, valamint a 95\/46\/EK rendelet hat\u00e1lyon k\u00edv\u00fcl helyez\u00e9s\u00e9r\u0151l sz\u00f3l\u00f3 AZ EUR\u00d3PAI PARLAMENT \u00c9S A TAN\u00c1CS (EU) 2016\/679 RENDELETE (a tov\u00e1bbiakban: Rendelet) el\u0151\u00edrja, hogy az Adatkezel\u0151 megfelel\u0151 int\u00e9zked\u00e9seket hoz annak \u00e9rdek\u00e9ben, hogy az \u00e9rintett r\u00e9sz\u00e9re a szem\u00e9lyes [&hellip;]<\/p>\n","protected":false},"author":1,"featured_media":0,"parent":0,"menu_order":0,"comment_status":"closed","ping_status":"closed","template":"page-template-blank.php","meta":{"_et_pb_use_builder":"on","_et_pb_old_content":"","_et_gb_content_width":"","footnotes":""},"class_list":["post-451","page","type-page","status-publish","hentry"],"_links":{"self":[{"href":"https:\/\/contactgsm.hu\/index.php?rest_route=\/wp\/v2\/pages\/451","targetHints":{"allow":["GET"]}}],"collection":[{"href":"https:\/\/contactgsm.hu\/index.php?rest_route=\/wp\/v2\/pages"}],"about":[{"href":"https:\/\/contactgsm.hu\/index.php?rest_route=\/wp\/v2\/types\/page"}],"author":[{"embeddable":true,"href":"https:\/\/contactgsm.hu\/index.php?rest_route=\/wp\/v2\/users\/1"}],"replies":[{"embeddable":true,"href":"https:\/\/contactgsm.hu\/index.php?rest_route=%2Fwp%2Fv2%2Fcomments&post=451"}],"version-history":[{"count":6,"href":"https:\/\/contactgsm.hu\/index.php?rest_route=\/wp\/v2\/pages\/451\/revisions"}],"predecessor-version":[{"id":469,"href":"https:\/\/contactgsm.hu\/index.php?rest_route=\/wp\/v2\/pages\/451\/revisions\/469"}],"wp:attachment":[{"href":"https:\/\/contactgsm.hu\/index.php?rest_route=%2Fwp%2Fv2%2Fmedia&parent=451"}],"curies":[{"name":"wp","href":"https:\/\/api.w.org\/{rel}","templated":true}]}}